{"id":640,"date":"2026-04-23T15:57:02","date_gmt":"2026-04-23T15:57:02","guid":{"rendered":"https:\/\/viwelldrinks.com\/product\/viwell-travel-relax\/"},"modified":"2026-05-11T10:13:27","modified_gmt":"2026-05-11T10:13:27","slug":"viwell-reisen-und-entspannung","status":"publish","type":"product","link":"https:\/\/viwelldrinks.com\/de\/produkt\/viwell-reisen-und-entspannung\/","title":{"rendered":"VIWELL REISEN UND ENTSPANNUNG"},"content":{"rendered":"<ul>\n<li>Dieses funktionale Getr\u00e4nk wurde entwickelt, um ruhiges Verhalten, emotionale Balance und mehr Gelassenheit in neuen oder anspruchsvolleren Alltagssituationen zu f\u00f6rdern.<\/li>\n<li>Trinkfertige Futtererg\u00e4nzung f\u00fcr gesunde, ausgewachsene Hunde<\/li>\n<li>Wissenschaftlich entwickeltes, funktionelles Getr\u00e4nk mit Rindfleischgeschmack sowie angereichert mit Kollagen und Biotin zur Unterst\u00fctzung der nat\u00fcrlichen Elastizit\u00e4t der Haut und eines gesunden, gl\u00e4nzenden Fells. Kann nat\u00fcrlich vorkommende Sedimente enthalten.<\/li>\n<\/ul>\n<p><strong>Verpackungsgr\u00f6\u00dfe:<\/strong> 300 ml \/ 1 L<\/p>\n","protected":false},"excerpt":{"rendered":"<p>Mit Baldrian und Zitronenmelisse, damit sich Ihr Hund unterwegs oder in einer neuen Umgebung entspannen kann.<\/p>\n","protected":false},"featured_media":840,"comment_status":"open","ping_status":"closed","template":"","meta":{"_acf_changed":false},"product_brand":[],"product_cat":[35],"product_tag":[],"class_list":{"0":"post-640","1":"product","2":"type-product","3":"status-publish","4":"has-post-thumbnail","6":"product_cat-getraenke","8":"first","9":"instock","10":"shipping-taxable","11":"purchasable","12":"product-type-simple"},"acf":[],"yoast_head":"<!-- This site is optimized with the Yoast SEO plugin v27.5 - https:\/\/yoast.com\/product\/yoast-seo-wordpress\/ -->\n<title>ViWell Reisen und Entspannung \u2013 beruhigendes Getr\u00e4nk f\u00fcr Hunde<\/title>\n<meta name=\"description\" content=\"Ein beruhigendes Getr\u00e4nk f\u00fcr Hunde mit Zitronenmelisse, Baldrian und B-Vitaminen zur F\u00f6rderung des emotionalen Gleichgewichts auf Reisen, bei L\u00e4rm oder wenn Ihr Hund allein ist. Wissenschaftlich fundiertes Wellness-Getr\u00e4nk f\u00fcr Hunde.\" \/>\n<meta name=\"robots\" content=\"index, follow, max-snippet:-1, max-image-preview:large, max-video-preview:-1\" \/>\n<link rel=\"canonical\" href=\"https:\/\/viwelldrinks.com\/de\/produkt\/viwell-reisen-und-entspannung\/\" \/>\n<meta property=\"og:locale\" content=\"de_DE\" \/>\n<meta property=\"og:type\" content=\"article\" \/>\n<meta property=\"og:title\" content=\"ViWell Reisen und Entspannung \u2013 beruhigendes Getr\u00e4nk f\u00fcr Hunde\" \/>\n<meta property=\"og:description\" content=\"Ein beruhigendes Getr\u00e4nk f\u00fcr Hunde mit Zitronenmelisse, Baldrian und B-Vitaminen zur F\u00f6rderung des emotionalen Gleichgewichts auf Reisen, bei L\u00e4rm oder wenn Ihr Hund allein ist. Wissenschaftlich fundiertes Wellness-Getr\u00e4nk f\u00fcr Hunde.\" \/>\n<meta property=\"og:url\" content=\"https:\/\/viwelldrinks.com\/de\/produkt\/viwell-reisen-und-entspannung\/\" \/>\n<meta property=\"og:site_name\" content=\"Viwell\" \/>\n<meta property=\"article:modified_time\" content=\"2026-05-11T10:13:27+00:00\" \/>\n<meta property=\"og:image\" content=\"https:\/\/viwelldrinks.com\/wp-content\/uploads\/2026\/04\/865914248-original_02-scaled.png\" \/>\n\t<meta property=\"og:image:width\" content=\"2560\" \/>\n\t<meta property=\"og:image:height\" content=\"2560\" \/>\n\t<meta property=\"og:image:type\" content=\"image\/png\" \/>\n<meta name=\"twitter:card\" content=\"summary_large_image\" \/>\n<meta name=\"twitter:label1\" content=\"Gesch\u00e4tzte Lesezeit\" \/>\n\t<meta name=\"twitter:data1\" content=\"2\u00a0Minuten\" \/>\n<script type=\"application\/ld+json\" class=\"yoast-schema-graph\">{\"@context\":\"https:\\\/\\\/schema.org\",\"@graph\":[{\"@type\":\"WebPage\",\"@id\":\"https:\\\/\\\/viwelldrinks.com\\\/de\\\/produkt\\\/viwell-reisen-und-entspannung\\\/\",\"url\":\"https:\\\/\\\/viwelldrinks.com\\\/de\\\/produkt\\\/viwell-reisen-und-entspannung\\\/\",\"name\":\"ViWell Reisen und Entspannung \u2013 beruhigendes Getr\u00e4nk f\u00fcr Hunde\",\"isPartOf\":{\"@id\":\"https:\\\/\\\/viwelldrinks.com\\\/de\\\/#website\"},\"primaryImageOfPage\":{\"@id\":\"https:\\\/\\\/viwelldrinks.com\\\/de\\\/produkt\\\/viwell-reisen-und-entspannung\\\/#primaryimage\"},\"image\":{\"@id\":\"https:\\\/\\\/viwelldrinks.com\\\/de\\\/produkt\\\/viwell-reisen-und-entspannung\\\/#primaryimage\"},\"thumbnailUrl\":\"https:\\\/\\\/viwelldrinks.com\\\/wp-content\\\/uploads\\\/2026\\\/04\\\/865914248-original_02-scaled.png\",\"datePublished\":\"2026-04-23T15:57:02+00:00\",\"dateModified\":\"2026-05-11T10:13:27+00:00\",\"description\":\"Ein beruhigendes Getr\u00e4nk f\u00fcr Hunde mit Zitronenmelisse, Baldrian und B-Vitaminen zur F\u00f6rderung des emotionalen Gleichgewichts auf Reisen, bei L\u00e4rm oder wenn Ihr Hund allein ist. Wissenschaftlich fundiertes Wellness-Getr\u00e4nk f\u00fcr Hunde.\",\"breadcrumb\":{\"@id\":\"https:\\\/\\\/viwelldrinks.com\\\/de\\\/produkt\\\/viwell-reisen-und-entspannung\\\/#breadcrumb\"},\"inLanguage\":\"de\",\"potentialAction\":[{\"@type\":\"ReadAction\",\"target\":[\"https:\\\/\\\/viwelldrinks.com\\\/de\\\/produkt\\\/viwell-reisen-und-entspannung\\\/\"]}]},{\"@type\":\"ImageObject\",\"inLanguage\":\"de\",\"@id\":\"https:\\\/\\\/viwelldrinks.com\\\/de\\\/produkt\\\/viwell-reisen-und-entspannung\\\/#primaryimage\",\"url\":\"https:\\\/\\\/viwelldrinks.com\\\/wp-content\\\/uploads\\\/2026\\\/04\\\/865914248-original_02-scaled.png\",\"contentUrl\":\"https:\\\/\\\/viwelldrinks.com\\\/wp-content\\\/uploads\\\/2026\\\/04\\\/865914248-original_02-scaled.png\",\"width\":2560,\"height\":2560},{\"@type\":\"BreadcrumbList\",\"@id\":\"https:\\\/\\\/viwelldrinks.com\\\/de\\\/produkt\\\/viwell-reisen-und-entspannung\\\/#breadcrumb\",\"itemListElement\":[{\"@type\":\"ListItem\",\"position\":1,\"name\":\"Home\",\"item\":\"https:\\\/\\\/viwelldrinks.com\\\/de\\\/\"},{\"@type\":\"ListItem\",\"position\":2,\"name\":\"Shop\",\"item\":\"https:\\\/\\\/viwelldrinks.com\\\/de\\\/?page_id=608\"},{\"@type\":\"ListItem\",\"position\":3,\"name\":\"VIWELL REISEN UND ENTSPANNUNG\"}]},{\"@type\":\"WebSite\",\"@id\":\"https:\\\/\\\/viwelldrinks.com\\\/de\\\/#website\",\"url\":\"https:\\\/\\\/viwelldrinks.com\\\/de\\\/\",\"name\":\"ViWell\",\"description\":\"Functional Drink For Dogs\",\"publisher\":{\"@id\":\"https:\\\/\\\/viwelldrinks.com\\\/de\\\/#organization\"},\"potentialAction\":[{\"@type\":\"SearchAction\",\"target\":{\"@type\":\"EntryPoint\",\"urlTemplate\":\"https:\\\/\\\/viwelldrinks.com\\\/de\\\/?s={search_term_string}\"},\"query-input\":{\"@type\":\"PropertyValueSpecification\",\"valueRequired\":true,\"valueName\":\"search_term_string\"}}],\"inLanguage\":\"de\"},{\"@type\":\"Organization\",\"@id\":\"https:\\\/\\\/viwelldrinks.com\\\/de\\\/#organization\",\"name\":\"Viwell\",\"url\":\"https:\\\/\\\/viwelldrinks.com\\\/de\\\/\",\"logo\":{\"@type\":\"ImageObject\",\"inLanguage\":\"de\",\"@id\":\"https:\\\/\\\/viwelldrinks.com\\\/de\\\/#\\\/schema\\\/logo\\\/image\\\/\",\"url\":\"https:\\\/\\\/viwelldrinks.com\\\/wp-content\\\/uploads\\\/2026\\\/04\\\/viwell.svg\",\"contentUrl\":\"https:\\\/\\\/viwelldrinks.com\\\/wp-content\\\/uploads\\\/2026\\\/04\\\/viwell.svg\",\"width\":1,\"height\":1,\"caption\":\"Viwell\"},\"image\":{\"@id\":\"https:\\\/\\\/viwelldrinks.com\\\/de\\\/#\\\/schema\\\/logo\\\/image\\\/\"}}]}<\/script>\n<!-- \/ Yoast SEO plugin. -->","yoast_head_json":{"title":"ViWell Reisen und Entspannung \u2013 beruhigendes Getr\u00e4nk f\u00fcr Hunde","description":"Ein beruhigendes Getr\u00e4nk f\u00fcr Hunde mit Zitronenmelisse, Baldrian und B-Vitaminen zur F\u00f6rderung des emotionalen Gleichgewichts auf Reisen, bei L\u00e4rm oder wenn Ihr Hund allein ist. Wissenschaftlich fundiertes Wellness-Getr\u00e4nk f\u00fcr Hunde.","robots":{"index":"index","follow":"follow","max-snippet":"max-snippet:-1","max-image-preview":"max-image-preview:large","max-video-preview":"max-video-preview:-1"},"canonical":"https:\/\/viwelldrinks.com\/de\/produkt\/viwell-reisen-und-entspannung\/","og_locale":"de_DE","og_type":"article","og_title":"ViWell Reisen und Entspannung \u2013 beruhigendes Getr\u00e4nk f\u00fcr Hunde","og_description":"Ein beruhigendes Getr\u00e4nk f\u00fcr Hunde mit Zitronenmelisse, Baldrian und B-Vitaminen zur F\u00f6rderung des emotionalen Gleichgewichts auf Reisen, bei L\u00e4rm oder wenn Ihr Hund allein ist. Wissenschaftlich fundiertes Wellness-Getr\u00e4nk f\u00fcr Hunde.","og_url":"https:\/\/viwelldrinks.com\/de\/produkt\/viwell-reisen-und-entspannung\/","og_site_name":"Viwell","article_modified_time":"2026-05-11T10:13:27+00:00","og_image":[{"width":2560,"height":2560,"url":"https:\/\/viwelldrinks.com\/wp-content\/uploads\/2026\/04\/865914248-original_02-scaled.png","type":"image\/png"}],"twitter_card":"summary_large_image","twitter_misc":{"Gesch\u00e4tzte Lesezeit":"2\u00a0Minuten"},"schema":{"@context":"https:\/\/schema.org","@graph":[{"@type":"WebPage","@id":"https:\/\/viwelldrinks.com\/de\/produkt\/viwell-reisen-und-entspannung\/","url":"https:\/\/viwelldrinks.com\/de\/produkt\/viwell-reisen-und-entspannung\/","name":"ViWell Reisen und Entspannung \u2013 beruhigendes Getr\u00e4nk f\u00fcr Hunde","isPartOf":{"@id":"https:\/\/viwelldrinks.com\/de\/#website"},"primaryImageOfPage":{"@id":"https:\/\/viwelldrinks.com\/de\/produkt\/viwell-reisen-und-entspannung\/#primaryimage"},"image":{"@id":"https:\/\/viwelldrinks.com\/de\/produkt\/viwell-reisen-und-entspannung\/#primaryimage"},"thumbnailUrl":"https:\/\/viwelldrinks.com\/wp-content\/uploads\/2026\/04\/865914248-original_02-scaled.png","datePublished":"2026-04-23T15:57:02+00:00","dateModified":"2026-05-11T10:13:27+00:00","description":"Ein beruhigendes Getr\u00e4nk f\u00fcr Hunde mit Zitronenmelisse, Baldrian und B-Vitaminen zur F\u00f6rderung des emotionalen Gleichgewichts auf Reisen, bei L\u00e4rm oder wenn Ihr Hund allein ist. Wissenschaftlich fundiertes Wellness-Getr\u00e4nk f\u00fcr Hunde.","breadcrumb":{"@id":"https:\/\/viwelldrinks.com\/de\/produkt\/viwell-reisen-und-entspannung\/#breadcrumb"},"inLanguage":"de","potentialAction":[{"@type":"ReadAction","target":["https:\/\/viwelldrinks.com\/de\/produkt\/viwell-reisen-und-entspannung\/"]}]},{"@type":"ImageObject","inLanguage":"de","@id":"https:\/\/viwelldrinks.com\/de\/produkt\/viwell-reisen-und-entspannung\/#primaryimage","url":"https:\/\/viwelldrinks.com\/wp-content\/uploads\/2026\/04\/865914248-original_02-scaled.png","contentUrl":"https:\/\/viwelldrinks.com\/wp-content\/uploads\/2026\/04\/865914248-original_02-scaled.png","width":2560,"height":2560},{"@type":"BreadcrumbList","@id":"https:\/\/viwelldrinks.com\/de\/produkt\/viwell-reisen-und-entspannung\/#breadcrumb","itemListElement":[{"@type":"ListItem","position":1,"name":"Home","item":"https:\/\/viwelldrinks.com\/de\/"},{"@type":"ListItem","position":2,"name":"Shop","item":"https:\/\/viwelldrinks.com\/de\/?page_id=608"},{"@type":"ListItem","position":3,"name":"VIWELL REISEN UND ENTSPANNUNG"}]},{"@type":"WebSite","@id":"https:\/\/viwelldrinks.com\/de\/#website","url":"https:\/\/viwelldrinks.com\/de\/","name":"ViWell","description":"Functional Drink For Dogs","publisher":{"@id":"https:\/\/viwelldrinks.com\/de\/#organization"},"potentialAction":[{"@type":"SearchAction","target":{"@type":"EntryPoint","urlTemplate":"https:\/\/viwelldrinks.com\/de\/?s={search_term_string}"},"query-input":{"@type":"PropertyValueSpecification","valueRequired":true,"valueName":"search_term_string"}}],"inLanguage":"de"},{"@type":"Organization","@id":"https:\/\/viwelldrinks.com\/de\/#organization","name":"Viwell","url":"https:\/\/viwelldrinks.com\/de\/","logo":{"@type":"ImageObject","inLanguage":"de","@id":"https:\/\/viwelldrinks.com\/de\/#\/schema\/logo\/image\/","url":"https:\/\/viwelldrinks.com\/wp-content\/uploads\/2026\/04\/viwell.svg","contentUrl":"https:\/\/viwelldrinks.com\/wp-content\/uploads\/2026\/04\/viwell.svg","width":1,"height":1,"caption":"Viwell"},"image":{"@id":"https:\/\/viwelldrinks.com\/de\/#\/schema\/logo\/image\/"}}]}},"_links":{"self":[{"href":"https:\/\/viwelldrinks.com\/de\/wp-json\/wp\/v2\/product\/640","targetHints":{"allow":["GET"]}}],"collection":[{"href":"https:\/\/viwelldrinks.com\/de\/wp-json\/wp\/v2\/product"}],"about":[{"href":"https:\/\/viwelldrinks.com\/de\/wp-json\/wp\/v2\/types\/product"}],"replies":[{"embeddable":true,"href":"https:\/\/viwelldrinks.com\/de\/wp-json\/wp\/v2\/comments?post=640"}],"wp:featuredmedia":[{"embeddable":true,"href":"https:\/\/viwelldrinks.com\/de\/wp-json\/wp\/v2\/media\/840"}],"wp:attachment":[{"href":"https:\/\/viwelldrinks.com\/de\/wp-json\/wp\/v2\/media?parent=640"}],"wp:term":[{"taxonomy":"product_brand","embeddable":true,"href":"https:\/\/viwelldrinks.com\/de\/wp-json\/wp\/v2\/product_brand?post=640"},{"taxonomy":"product_cat","embeddable":true,"href":"https:\/\/viwelldrinks.com\/de\/wp-json\/wp\/v2\/product_cat?post=640"},{"taxonomy":"product_tag","embeddable":true,"href":"https:\/\/viwelldrinks.com\/de\/wp-json\/wp\/v2\/product_tag?post=640"}],"curies":[{"name":"wp","href":"https:\/\/api.w.org\/{rel}","templated":true}]}}