{"id":679,"date":"2026-04-23T13:08:25","date_gmt":"2026-04-23T13:08:25","guid":{"rendered":"https:\/\/viwelldrinks.com\/benefits\/"},"modified":"2026-05-11T12:04:53","modified_gmt":"2026-05-11T12:04:53","slug":"vorteile","status":"publish","type":"page","link":"https:\/\/viwelldrinks.com\/de\/vorteile\/","title":{"rendered":"Vorteile"},"content":{"rendered":"","protected":false},"excerpt":{"rendered":"","protected":false},"author":1,"featured_media":0,"parent":0,"menu_order":0,"comment_status":"closed","ping_status":"closed","template":"templates\/template_benefits.php","meta":{"_acf_changed":false,"footnotes":""},"class_list":["post-679","page","type-page","status-publish","hentry"],"acf":[],"yoast_head":"<!-- This site is optimized with the Yoast SEO plugin v27.5 - https:\/\/yoast.com\/product\/yoast-seo-wordpress\/ -->\n<title>Vorteile von Hundegetr\u00e4nken \u2013 was steckt in ViWell?<\/title>\n<meta name=\"description\" content=\"Erfahren Sie mehr \u00fcber die wissenschaftliche Grundlage der funktionellen Getr\u00e4nke von ViWell \u2013 Elektrolyte, Taurin, Kollagen, Baldrian und vieles mehr. Jeder Inhaltsstoff wurde ausgew\u00e4hlt, um das t\u00e4gliche Wohlbefinden Ihres Hundes zu unterst\u00fctzen.\" \/>\n<meta name=\"robots\" content=\"index, follow, max-snippet:-1, max-image-preview:large, max-video-preview:-1\" \/>\n<link rel=\"canonical\" href=\"https:\/\/viwelldrinks.com\/de\/vorteile\/\" \/>\n<meta property=\"og:locale\" content=\"de_DE\" \/>\n<meta property=\"og:type\" content=\"article\" \/>\n<meta property=\"og:title\" content=\"Vorteile von Hundegetr\u00e4nken \u2013 was steckt in ViWell?\" \/>\n<meta property=\"og:description\" content=\"Erfahren Sie mehr \u00fcber die wissenschaftliche Grundlage der funktionellen Getr\u00e4nke von ViWell \u2013 Elektrolyte, Taurin, Kollagen, Baldrian und vieles mehr. Jeder Inhaltsstoff wurde ausgew\u00e4hlt, um das t\u00e4gliche Wohlbefinden Ihres Hundes zu unterst\u00fctzen.\" \/>\n<meta property=\"og:url\" content=\"https:\/\/viwelldrinks.com\/de\/vorteile\/\" \/>\n<meta property=\"og:site_name\" content=\"Viwell\" \/>\n<meta property=\"article:modified_time\" content=\"2026-05-11T12:04:53+00:00\" \/>\n<meta property=\"og:image\" content=\"https:\/\/viwelldrinks.com\/wp-content\/uploads\/2026\/05\/Metapilt.jpg\" \/>\n\t<meta property=\"og:image:width\" content=\"1200\" \/>\n\t<meta property=\"og:image:height\" content=\"630\" \/>\n\t<meta property=\"og:image:type\" content=\"image\/jpeg\" \/>\n<meta name=\"twitter:card\" content=\"summary_large_image\" \/>\n<meta name=\"twitter:label1\" content=\"Gesch\u00e4tzte Lesezeit\" \/>\n\t<meta name=\"twitter:data1\" content=\"5\u00a0Minuten\" \/>\n<script type=\"application\/ld+json\" class=\"yoast-schema-graph\">{\"@context\":\"https:\\\/\\\/schema.org\",\"@graph\":[{\"@type\":\"WebPage\",\"@id\":\"https:\\\/\\\/viwelldrinks.com\\\/de\\\/vorteile\\\/\",\"url\":\"https:\\\/\\\/viwelldrinks.com\\\/de\\\/vorteile\\\/\",\"name\":\"Vorteile von Hundegetr\u00e4nken \u2013 was steckt in ViWell?\",\"isPartOf\":{\"@id\":\"https:\\\/\\\/viwelldrinks.com\\\/de\\\/#website\"},\"datePublished\":\"2026-04-23T13:08:25+00:00\",\"dateModified\":\"2026-05-11T12:04:53+00:00\",\"description\":\"Erfahren Sie mehr \u00fcber die wissenschaftliche Grundlage der funktionellen Getr\u00e4nke von ViWell \u2013 Elektrolyte, Taurin, Kollagen, Baldrian und vieles mehr. Jeder Inhaltsstoff wurde ausgew\u00e4hlt, um das t\u00e4gliche Wohlbefinden Ihres Hundes zu unterst\u00fctzen.\",\"breadcrumb\":{\"@id\":\"https:\\\/\\\/viwelldrinks.com\\\/de\\\/vorteile\\\/#breadcrumb\"},\"inLanguage\":\"de\",\"potentialAction\":[{\"@type\":\"ReadAction\",\"target\":[\"https:\\\/\\\/viwelldrinks.com\\\/de\\\/vorteile\\\/\"]}]},{\"@type\":\"BreadcrumbList\",\"@id\":\"https:\\\/\\\/viwelldrinks.com\\\/de\\\/vorteile\\\/#breadcrumb\",\"itemListElement\":[{\"@type\":\"ListItem\",\"position\":1,\"name\":\"Home\",\"item\":\"https:\\\/\\\/viwelldrinks.com\\\/de\\\/\"},{\"@type\":\"ListItem\",\"position\":2,\"name\":\"Vorteile\"}]},{\"@type\":\"WebSite\",\"@id\":\"https:\\\/\\\/viwelldrinks.com\\\/de\\\/#website\",\"url\":\"https:\\\/\\\/viwelldrinks.com\\\/de\\\/\",\"name\":\"ViWell\",\"description\":\"Functional Drink For Dogs\",\"publisher\":{\"@id\":\"https:\\\/\\\/viwelldrinks.com\\\/de\\\/#organization\"},\"potentialAction\":[{\"@type\":\"SearchAction\",\"target\":{\"@type\":\"EntryPoint\",\"urlTemplate\":\"https:\\\/\\\/viwelldrinks.com\\\/de\\\/?s={search_term_string}\"},\"query-input\":{\"@type\":\"PropertyValueSpecification\",\"valueRequired\":true,\"valueName\":\"search_term_string\"}}],\"inLanguage\":\"de\"},{\"@type\":\"Organization\",\"@id\":\"https:\\\/\\\/viwelldrinks.com\\\/de\\\/#organization\",\"name\":\"Viwell\",\"url\":\"https:\\\/\\\/viwelldrinks.com\\\/de\\\/\",\"logo\":{\"@type\":\"ImageObject\",\"inLanguage\":\"de\",\"@id\":\"https:\\\/\\\/viwelldrinks.com\\\/de\\\/#\\\/schema\\\/logo\\\/image\\\/\",\"url\":\"https:\\\/\\\/viwelldrinks.com\\\/wp-content\\\/uploads\\\/2026\\\/04\\\/viwell.svg\",\"contentUrl\":\"https:\\\/\\\/viwelldrinks.com\\\/wp-content\\\/uploads\\\/2026\\\/04\\\/viwell.svg\",\"width\":1,\"height\":1,\"caption\":\"Viwell\"},\"image\":{\"@id\":\"https:\\\/\\\/viwelldrinks.com\\\/de\\\/#\\\/schema\\\/logo\\\/image\\\/\"}}]}<\/script>\n<!-- \/ Yoast SEO plugin. -->","yoast_head_json":{"title":"Vorteile von Hundegetr\u00e4nken \u2013 was steckt in ViWell?","description":"Erfahren Sie mehr \u00fcber die wissenschaftliche Grundlage der funktionellen Getr\u00e4nke von ViWell \u2013 Elektrolyte, Taurin, Kollagen, Baldrian und vieles mehr. Jeder Inhaltsstoff wurde ausgew\u00e4hlt, um das t\u00e4gliche Wohlbefinden Ihres Hundes zu unterst\u00fctzen.","robots":{"index":"index","follow":"follow","max-snippet":"max-snippet:-1","max-image-preview":"max-image-preview:large","max-video-preview":"max-video-preview:-1"},"canonical":"https:\/\/viwelldrinks.com\/de\/vorteile\/","og_locale":"de_DE","og_type":"article","og_title":"Vorteile von Hundegetr\u00e4nken \u2013 was steckt in ViWell?","og_description":"Erfahren Sie mehr \u00fcber die wissenschaftliche Grundlage der funktionellen Getr\u00e4nke von ViWell \u2013 Elektrolyte, Taurin, Kollagen, Baldrian und vieles mehr. Jeder Inhaltsstoff wurde ausgew\u00e4hlt, um das t\u00e4gliche Wohlbefinden Ihres Hundes zu unterst\u00fctzen.","og_url":"https:\/\/viwelldrinks.com\/de\/vorteile\/","og_site_name":"Viwell","article_modified_time":"2026-05-11T12:04:53+00:00","og_image":[{"width":1200,"height":630,"url":"https:\/\/viwelldrinks.com\/wp-content\/uploads\/2026\/05\/Metapilt.jpg","type":"image\/jpeg"}],"twitter_card":"summary_large_image","twitter_misc":{"Gesch\u00e4tzte Lesezeit":"5\u00a0Minuten"},"schema":{"@context":"https:\/\/schema.org","@graph":[{"@type":"WebPage","@id":"https:\/\/viwelldrinks.com\/de\/vorteile\/","url":"https:\/\/viwelldrinks.com\/de\/vorteile\/","name":"Vorteile von Hundegetr\u00e4nken \u2013 was steckt in ViWell?","isPartOf":{"@id":"https:\/\/viwelldrinks.com\/de\/#website"},"datePublished":"2026-04-23T13:08:25+00:00","dateModified":"2026-05-11T12:04:53+00:00","description":"Erfahren Sie mehr \u00fcber die wissenschaftliche Grundlage der funktionellen Getr\u00e4nke von ViWell \u2013 Elektrolyte, Taurin, Kollagen, Baldrian und vieles mehr. Jeder Inhaltsstoff wurde ausgew\u00e4hlt, um das t\u00e4gliche Wohlbefinden Ihres Hundes zu unterst\u00fctzen.","breadcrumb":{"@id":"https:\/\/viwelldrinks.com\/de\/vorteile\/#breadcrumb"},"inLanguage":"de","potentialAction":[{"@type":"ReadAction","target":["https:\/\/viwelldrinks.com\/de\/vorteile\/"]}]},{"@type":"BreadcrumbList","@id":"https:\/\/viwelldrinks.com\/de\/vorteile\/#breadcrumb","itemListElement":[{"@type":"ListItem","position":1,"name":"Home","item":"https:\/\/viwelldrinks.com\/de\/"},{"@type":"ListItem","position":2,"name":"Vorteile"}]},{"@type":"WebSite","@id":"https:\/\/viwelldrinks.com\/de\/#website","url":"https:\/\/viwelldrinks.com\/de\/","name":"ViWell","description":"Functional Drink For Dogs","publisher":{"@id":"https:\/\/viwelldrinks.com\/de\/#organization"},"potentialAction":[{"@type":"SearchAction","target":{"@type":"EntryPoint","urlTemplate":"https:\/\/viwelldrinks.com\/de\/?s={search_term_string}"},"query-input":{"@type":"PropertyValueSpecification","valueRequired":true,"valueName":"search_term_string"}}],"inLanguage":"de"},{"@type":"Organization","@id":"https:\/\/viwelldrinks.com\/de\/#organization","name":"Viwell","url":"https:\/\/viwelldrinks.com\/de\/","logo":{"@type":"ImageObject","inLanguage":"de","@id":"https:\/\/viwelldrinks.com\/de\/#\/schema\/logo\/image\/","url":"https:\/\/viwelldrinks.com\/wp-content\/uploads\/2026\/04\/viwell.svg","contentUrl":"https:\/\/viwelldrinks.com\/wp-content\/uploads\/2026\/04\/viwell.svg","width":1,"height":1,"caption":"Viwell"},"image":{"@id":"https:\/\/viwelldrinks.com\/de\/#\/schema\/logo\/image\/"}}]}},"_links":{"self":[{"href":"https:\/\/viwelldrinks.com\/de\/wp-json\/wp\/v2\/pages\/679","targetHints":{"allow":["GET"]}}],"collection":[{"href":"https:\/\/viwelldrinks.com\/de\/wp-json\/wp\/v2\/pages"}],"about":[{"href":"https:\/\/viwelldrinks.com\/de\/wp-json\/wp\/v2\/types\/page"}],"author":[{"embeddable":true,"href":"https:\/\/viwelldrinks.com\/de\/wp-json\/wp\/v2\/users\/1"}],"replies":[{"embeddable":true,"href":"https:\/\/viwelldrinks.com\/de\/wp-json\/wp\/v2\/comments?post=679"}],"version-history":[{"count":7,"href":"https:\/\/viwelldrinks.com\/de\/wp-json\/wp\/v2\/pages\/679\/revisions"}],"predecessor-version":[{"id":846,"href":"https:\/\/viwelldrinks.com\/de\/wp-json\/wp\/v2\/pages\/679\/revisions\/846"}],"wp:attachment":[{"href":"https:\/\/viwelldrinks.com\/de\/wp-json\/wp\/v2\/media?parent=679"}],"curies":[{"name":"wp","href":"https:\/\/api.w.org\/{rel}","templated":true}]}}