{"id":666,"date":"2026-04-23T12:07:36","date_gmt":"2026-04-23T12:07:36","guid":{"rendered":"https:\/\/viwelldrinks.com\/products\/"},"modified":"2026-05-08T12:33:29","modified_gmt":"2026-05-08T12:33:29","slug":"produkte","status":"publish","type":"page","link":"https:\/\/viwelldrinks.com\/de\/produkte\/","title":{"rendered":"Produkte"},"content":{"rendered":"","protected":false},"excerpt":{"rendered":"","protected":false},"author":1,"featured_media":0,"parent":0,"menu_order":0,"comment_status":"closed","ping_status":"closed","template":"templates\/template_product.php","meta":{"_acf_changed":false,"footnotes":""},"class_list":["post-666","page","type-page","status-publish","hentry"],"acf":[],"yoast_head":"<!-- This site is optimized with the Yoast SEO plugin v27.5 - https:\/\/yoast.com\/product\/yoast-seo-wordpress\/ -->\n<title>Funktionelle Getr\u00e4nke f\u00fcr Hunde \u2013 finden Sie das passende<\/title>\n<meta name=\"description\" content=\"Entdecken Sie die funktionellen Getr\u00e4nke von ViWell f\u00fcr Hunde: Erholung und Balance, Reisen und Entspannung und Fell und Sch\u00f6nheit. Jedes Wellness-Getr\u00e4nk f\u00fcr Hunde erf\u00fcllt einen klar definierten Zweck. Erh\u00e4ltlich in 300 ml und 1 L.\" \/>\n<meta name=\"robots\" content=\"index, follow, max-snippet:-1, max-image-preview:large, max-video-preview:-1\" \/>\n<link rel=\"canonical\" href=\"https:\/\/viwelldrinks.com\/de\/produkte\/\" \/>\n<meta property=\"og:locale\" content=\"de_DE\" \/>\n<meta property=\"og:type\" content=\"article\" \/>\n<meta property=\"og:title\" content=\"Funktionelle Getr\u00e4nke f\u00fcr Hunde \u2013 finden Sie das passende\" \/>\n<meta property=\"og:description\" content=\"Entdecken Sie die funktionellen Getr\u00e4nke von ViWell f\u00fcr Hunde: Erholung und Balance, Reisen und Entspannung und Fell und Sch\u00f6nheit. Jedes Wellness-Getr\u00e4nk f\u00fcr Hunde erf\u00fcllt einen klar definierten Zweck. Erh\u00e4ltlich in 300 ml und 1 L.\" \/>\n<meta property=\"og:url\" content=\"https:\/\/viwelldrinks.com\/de\/produkte\/\" \/>\n<meta property=\"og:site_name\" content=\"Viwell\" \/>\n<meta property=\"article:modified_time\" content=\"2026-05-08T12:33:29+00:00\" \/>\n<meta property=\"og:image\" content=\"https:\/\/viwelldrinks.com\/wp-content\/uploads\/2026\/05\/Metapilt.jpg\" \/>\n\t<meta property=\"og:image:width\" content=\"1200\" \/>\n\t<meta property=\"og:image:height\" content=\"630\" \/>\n\t<meta property=\"og:image:type\" content=\"image\/jpeg\" \/>\n<meta name=\"twitter:card\" content=\"summary_large_image\" \/>\n<meta name=\"twitter:label1\" content=\"Gesch\u00e4tzte Lesezeit\" \/>\n\t<meta name=\"twitter:data1\" content=\"2\u00a0Minuten\" \/>\n<script type=\"application\/ld+json\" class=\"yoast-schema-graph\">{\"@context\":\"https:\\\/\\\/schema.org\",\"@graph\":[{\"@type\":\"WebPage\",\"@id\":\"https:\\\/\\\/viwelldrinks.com\\\/de\\\/produkte\\\/\",\"url\":\"https:\\\/\\\/viwelldrinks.com\\\/de\\\/produkte\\\/\",\"name\":\"Funktionelle Getr\u00e4nke f\u00fcr Hunde \u2013 finden Sie das passende\",\"isPartOf\":{\"@id\":\"https:\\\/\\\/viwelldrinks.com\\\/de\\\/#website\"},\"datePublished\":\"2026-04-23T12:07:36+00:00\",\"dateModified\":\"2026-05-08T12:33:29+00:00\",\"description\":\"Entdecken Sie die funktionellen Getr\u00e4nke von ViWell f\u00fcr Hunde: Erholung und Balance, Reisen und Entspannung und Fell und Sch\u00f6nheit. Jedes Wellness-Getr\u00e4nk f\u00fcr Hunde erf\u00fcllt einen klar definierten Zweck. Erh\u00e4ltlich in 300 ml und 1 L.\",\"breadcrumb\":{\"@id\":\"https:\\\/\\\/viwelldrinks.com\\\/de\\\/produkte\\\/#breadcrumb\"},\"inLanguage\":\"de\",\"potentialAction\":[{\"@type\":\"ReadAction\",\"target\":[\"https:\\\/\\\/viwelldrinks.com\\\/de\\\/produkte\\\/\"]}]},{\"@type\":\"BreadcrumbList\",\"@id\":\"https:\\\/\\\/viwelldrinks.com\\\/de\\\/produkte\\\/#breadcrumb\",\"itemListElement\":[{\"@type\":\"ListItem\",\"position\":1,\"name\":\"Home\",\"item\":\"https:\\\/\\\/viwelldrinks.com\\\/de\\\/\"},{\"@type\":\"ListItem\",\"position\":2,\"name\":\"Produkte\"}]},{\"@type\":\"WebSite\",\"@id\":\"https:\\\/\\\/viwelldrinks.com\\\/de\\\/#website\",\"url\":\"https:\\\/\\\/viwelldrinks.com\\\/de\\\/\",\"name\":\"ViWell\",\"description\":\"Functional Drink For Dogs\",\"publisher\":{\"@id\":\"https:\\\/\\\/viwelldrinks.com\\\/de\\\/#organization\"},\"potentialAction\":[{\"@type\":\"SearchAction\",\"target\":{\"@type\":\"EntryPoint\",\"urlTemplate\":\"https:\\\/\\\/viwelldrinks.com\\\/de\\\/?s={search_term_string}\"},\"query-input\":{\"@type\":\"PropertyValueSpecification\",\"valueRequired\":true,\"valueName\":\"search_term_string\"}}],\"inLanguage\":\"de\"},{\"@type\":\"Organization\",\"@id\":\"https:\\\/\\\/viwelldrinks.com\\\/de\\\/#organization\",\"name\":\"Viwell\",\"url\":\"https:\\\/\\\/viwelldrinks.com\\\/de\\\/\",\"logo\":{\"@type\":\"ImageObject\",\"inLanguage\":\"de\",\"@id\":\"https:\\\/\\\/viwelldrinks.com\\\/de\\\/#\\\/schema\\\/logo\\\/image\\\/\",\"url\":\"https:\\\/\\\/viwelldrinks.com\\\/wp-content\\\/uploads\\\/2026\\\/04\\\/viwell.svg\",\"contentUrl\":\"https:\\\/\\\/viwelldrinks.com\\\/wp-content\\\/uploads\\\/2026\\\/04\\\/viwell.svg\",\"width\":1,\"height\":1,\"caption\":\"Viwell\"},\"image\":{\"@id\":\"https:\\\/\\\/viwelldrinks.com\\\/de\\\/#\\\/schema\\\/logo\\\/image\\\/\"}}]}<\/script>\n<!-- \/ Yoast SEO plugin. -->","yoast_head_json":{"title":"Funktionelle Getr\u00e4nke f\u00fcr Hunde \u2013 finden Sie das passende","description":"Entdecken Sie die funktionellen Getr\u00e4nke von ViWell f\u00fcr Hunde: Erholung und Balance, Reisen und Entspannung und Fell und Sch\u00f6nheit. Jedes Wellness-Getr\u00e4nk f\u00fcr Hunde erf\u00fcllt einen klar definierten Zweck. Erh\u00e4ltlich in 300 ml und 1 L.","robots":{"index":"index","follow":"follow","max-snippet":"max-snippet:-1","max-image-preview":"max-image-preview:large","max-video-preview":"max-video-preview:-1"},"canonical":"https:\/\/viwelldrinks.com\/de\/produkte\/","og_locale":"de_DE","og_type":"article","og_title":"Funktionelle Getr\u00e4nke f\u00fcr Hunde \u2013 finden Sie das passende","og_description":"Entdecken Sie die funktionellen Getr\u00e4nke von ViWell f\u00fcr Hunde: Erholung und Balance, Reisen und Entspannung und Fell und Sch\u00f6nheit. Jedes Wellness-Getr\u00e4nk f\u00fcr Hunde erf\u00fcllt einen klar definierten Zweck. Erh\u00e4ltlich in 300 ml und 1 L.","og_url":"https:\/\/viwelldrinks.com\/de\/produkte\/","og_site_name":"Viwell","article_modified_time":"2026-05-08T12:33:29+00:00","og_image":[{"width":1200,"height":630,"url":"https:\/\/viwelldrinks.com\/wp-content\/uploads\/2026\/05\/Metapilt.jpg","type":"image\/jpeg"}],"twitter_card":"summary_large_image","twitter_misc":{"Gesch\u00e4tzte Lesezeit":"2\u00a0Minuten"},"schema":{"@context":"https:\/\/schema.org","@graph":[{"@type":"WebPage","@id":"https:\/\/viwelldrinks.com\/de\/produkte\/","url":"https:\/\/viwelldrinks.com\/de\/produkte\/","name":"Funktionelle Getr\u00e4nke f\u00fcr Hunde \u2013 finden Sie das passende","isPartOf":{"@id":"https:\/\/viwelldrinks.com\/de\/#website"},"datePublished":"2026-04-23T12:07:36+00:00","dateModified":"2026-05-08T12:33:29+00:00","description":"Entdecken Sie die funktionellen Getr\u00e4nke von ViWell f\u00fcr Hunde: Erholung und Balance, Reisen und Entspannung und Fell und Sch\u00f6nheit. Jedes Wellness-Getr\u00e4nk f\u00fcr Hunde erf\u00fcllt einen klar definierten Zweck. Erh\u00e4ltlich in 300 ml und 1 L.","breadcrumb":{"@id":"https:\/\/viwelldrinks.com\/de\/produkte\/#breadcrumb"},"inLanguage":"de","potentialAction":[{"@type":"ReadAction","target":["https:\/\/viwelldrinks.com\/de\/produkte\/"]}]},{"@type":"BreadcrumbList","@id":"https:\/\/viwelldrinks.com\/de\/produkte\/#breadcrumb","itemListElement":[{"@type":"ListItem","position":1,"name":"Home","item":"https:\/\/viwelldrinks.com\/de\/"},{"@type":"ListItem","position":2,"name":"Produkte"}]},{"@type":"WebSite","@id":"https:\/\/viwelldrinks.com\/de\/#website","url":"https:\/\/viwelldrinks.com\/de\/","name":"ViWell","description":"Functional Drink For Dogs","publisher":{"@id":"https:\/\/viwelldrinks.com\/de\/#organization"},"potentialAction":[{"@type":"SearchAction","target":{"@type":"EntryPoint","urlTemplate":"https:\/\/viwelldrinks.com\/de\/?s={search_term_string}"},"query-input":{"@type":"PropertyValueSpecification","valueRequired":true,"valueName":"search_term_string"}}],"inLanguage":"de"},{"@type":"Organization","@id":"https:\/\/viwelldrinks.com\/de\/#organization","name":"Viwell","url":"https:\/\/viwelldrinks.com\/de\/","logo":{"@type":"ImageObject","inLanguage":"de","@id":"https:\/\/viwelldrinks.com\/de\/#\/schema\/logo\/image\/","url":"https:\/\/viwelldrinks.com\/wp-content\/uploads\/2026\/04\/viwell.svg","contentUrl":"https:\/\/viwelldrinks.com\/wp-content\/uploads\/2026\/04\/viwell.svg","width":1,"height":1,"caption":"Viwell"},"image":{"@id":"https:\/\/viwelldrinks.com\/de\/#\/schema\/logo\/image\/"}}]}},"_links":{"self":[{"href":"https:\/\/viwelldrinks.com\/de\/wp-json\/wp\/v2\/pages\/666","targetHints":{"allow":["GET"]}}],"collection":[{"href":"https:\/\/viwelldrinks.com\/de\/wp-json\/wp\/v2\/pages"}],"about":[{"href":"https:\/\/viwelldrinks.com\/de\/wp-json\/wp\/v2\/types\/page"}],"author":[{"embeddable":true,"href":"https:\/\/viwelldrinks.com\/de\/wp-json\/wp\/v2\/users\/1"}],"replies":[{"embeddable":true,"href":"https:\/\/viwelldrinks.com\/de\/wp-json\/wp\/v2\/comments?post=666"}],"version-history":[{"count":8,"href":"https:\/\/viwelldrinks.com\/de\/wp-json\/wp\/v2\/pages\/666\/revisions"}],"predecessor-version":[{"id":794,"href":"https:\/\/viwelldrinks.com\/de\/wp-json\/wp\/v2\/pages\/666\/revisions\/794"}],"wp:attachment":[{"href":"https:\/\/viwelldrinks.com\/de\/wp-json\/wp\/v2\/media?parent=666"}],"curies":[{"name":"wp","href":"https:\/\/api.w.org\/{rel}","templated":true}]}}